{"id":2225,"date":"2024-09-27T06:41:59","date_gmt":"2024-09-27T04:41:59","guid":{"rendered":"https:\/\/innowacjespoleczne.pl\/wymianna\/?page_id=2225"},"modified":"2024-10-23T13:05:21","modified_gmt":"2024-10-23T11:05:21","slug":"dobre-zycie-dluzej-wyzwania-spoleczne-dla-poznej-doroslosci-i-inspirujace-rozwiazania","status":"publish","type":"page","link":"https:\/\/innowacjespoleczne.pl\/wymianna\/edycja-5\/dobre-zycie-dluzej-wyzwania-spoleczne-dla-poznej-doroslosci-i-inspirujace-rozwiazania\/","title":{"rendered":"Dobre \u017cycie, d\u0142u\u017cej \u2013 wyzwania spo\u0142eczne dla p\u00f3\u017anej doros\u0142o\u015bci i inspiruj\u0105ce rozwi\u0105zania"},"content":{"rendered":"","protected":false},"excerpt":{"rendered":"","protected":false},"author":11,"featured_media":0,"parent":2009,"menu_order":0,"comment_status":"closed","ping_status":"closed","template":"templates\/template-session.php","meta":{"_acf_changed":false,"footnotes":""},"class_list":["post-2225","page","type-page","status-publish","hentry"],"acf":[],"yoast_head":"<!-- This site is optimized with the Yoast SEO plugin v26.0 - https:\/\/yoast.com\/wordpress\/plugins\/seo\/ -->\n<title>Dobre \u017cycie, d\u0142u\u017cej \u2013 wyzwania spo\u0142eczne dla p\u00f3\u017anej doros\u0142o\u015bci i inspiruj\u0105ce rozwi\u0105zania - wymIaNNa<\/title>\n<meta name=\"robots\" content=\"index, follow, max-snippet:-1, max-image-preview:large, max-video-preview:-1\" \/>\n<link rel=\"canonical\" href=\"https:\/\/innowacjespoleczne.pl\/wymianna\/edycja-5\/dobre-zycie-dluzej-wyzwania-spoleczne-dla-poznej-doroslosci-i-inspirujace-rozwiazania\/\" \/>\n<meta property=\"og:locale\" content=\"pl_PL\" \/>\n<meta property=\"og:type\" content=\"article\" \/>\n<meta property=\"og:title\" content=\"Dobre \u017cycie, d\u0142u\u017cej \u2013 wyzwania spo\u0142eczne dla p\u00f3\u017anej doros\u0142o\u015bci i inspiruj\u0105ce rozwi\u0105zania - wymIaNNa\" \/>\n<meta property=\"og:url\" content=\"https:\/\/innowacjespoleczne.pl\/wymianna\/edycja-5\/dobre-zycie-dluzej-wyzwania-spoleczne-dla-poznej-doroslosci-i-inspirujace-rozwiazania\/\" \/>\n<meta property=\"og:site_name\" content=\"wymIaNNa\" \/>\n<meta property=\"article:modified_time\" content=\"2024-10-23T11:05:21+00:00\" \/>\n<meta name=\"twitter:card\" content=\"summary_large_image\" \/>\n<script type=\"application\/ld+json\" class=\"yoast-schema-graph\">{\"@context\":\"https:\/\/schema.org\",\"@graph\":[{\"@type\":\"WebPage\",\"@id\":\"https:\/\/innowacjespoleczne.pl\/wymianna\/edycja-5\/dobre-zycie-dluzej-wyzwania-spoleczne-dla-poznej-doroslosci-i-inspirujace-rozwiazania\/\",\"url\":\"https:\/\/innowacjespoleczne.pl\/wymianna\/edycja-5\/dobre-zycie-dluzej-wyzwania-spoleczne-dla-poznej-doroslosci-i-inspirujace-rozwiazania\/\",\"name\":\"Dobre \u017cycie, d\u0142u\u017cej \u2013 wyzwania spo\u0142eczne dla p\u00f3\u017anej doros\u0142o\u015bci i inspiruj\u0105ce rozwi\u0105zania - wymIaNNa\",\"isPartOf\":{\"@id\":\"https:\/\/innowacjespoleczne.pl\/wymianna\/#website\"},\"datePublished\":\"2024-09-27T04:41:59+00:00\",\"dateModified\":\"2024-10-23T11:05:21+00:00\",\"breadcrumb\":{\"@id\":\"https:\/\/innowacjespoleczne.pl\/wymianna\/edycja-5\/dobre-zycie-dluzej-wyzwania-spoleczne-dla-poznej-doroslosci-i-inspirujace-rozwiazania\/#breadcrumb\"},\"inLanguage\":\"pl-PL\",\"potentialAction\":[{\"@type\":\"ReadAction\",\"target\":[\"https:\/\/innowacjespoleczne.pl\/wymianna\/edycja-5\/dobre-zycie-dluzej-wyzwania-spoleczne-dla-poznej-doroslosci-i-inspirujace-rozwiazania\/\"]}]},{\"@type\":\"BreadcrumbList\",\"@id\":\"https:\/\/innowacjespoleczne.pl\/wymianna\/edycja-5\/dobre-zycie-dluzej-wyzwania-spoleczne-dla-poznej-doroslosci-i-inspirujace-rozwiazania\/#breadcrumb\",\"itemListElement\":[{\"@type\":\"ListItem\",\"position\":1,\"name\":\"Strona g\u0142\u00f3wna\",\"item\":\"https:\/\/innowacjespoleczne.pl\/wymianna\/\"},{\"@type\":\"ListItem\",\"position\":2,\"name\":\"Edycja 5\",\"item\":\"https:\/\/innowacjespoleczne.pl\/wymianna\/edycja-5\/\"},{\"@type\":\"ListItem\",\"position\":3,\"name\":\"Dobre \u017cycie, d\u0142u\u017cej \u2013 wyzwania spo\u0142eczne dla p\u00f3\u017anej doros\u0142o\u015bci i inspiruj\u0105ce rozwi\u0105zania\"}]},{\"@type\":\"WebSite\",\"@id\":\"https:\/\/innowacjespoleczne.pl\/wymianna\/#website\",\"url\":\"https:\/\/innowacjespoleczne.pl\/wymianna\/\",\"name\":\"wymIaNNa\",\"description\":\"\",\"potentialAction\":[{\"@type\":\"SearchAction\",\"target\":{\"@type\":\"EntryPoint\",\"urlTemplate\":\"https:\/\/innowacjespoleczne.pl\/wymianna\/?s={search_term_string}\"},\"query-input\":{\"@type\":\"PropertyValueSpecification\",\"valueRequired\":true,\"valueName\":\"search_term_string\"}}],\"inLanguage\":\"pl-PL\"}]}<\/script>\n<!-- \/ Yoast SEO plugin. -->","yoast_head_json":{"title":"Dobre \u017cycie, d\u0142u\u017cej \u2013 wyzwania spo\u0142eczne dla p\u00f3\u017anej doros\u0142o\u015bci i inspiruj\u0105ce rozwi\u0105zania - wymIaNNa","robots":{"index":"index","follow":"follow","max-snippet":"max-snippet:-1","max-image-preview":"max-image-preview:large","max-video-preview":"max-video-preview:-1"},"canonical":"https:\/\/innowacjespoleczne.pl\/wymianna\/edycja-5\/dobre-zycie-dluzej-wyzwania-spoleczne-dla-poznej-doroslosci-i-inspirujace-rozwiazania\/","og_locale":"pl_PL","og_type":"article","og_title":"Dobre \u017cycie, d\u0142u\u017cej \u2013 wyzwania spo\u0142eczne dla p\u00f3\u017anej doros\u0142o\u015bci i inspiruj\u0105ce rozwi\u0105zania - wymIaNNa","og_url":"https:\/\/innowacjespoleczne.pl\/wymianna\/edycja-5\/dobre-zycie-dluzej-wyzwania-spoleczne-dla-poznej-doroslosci-i-inspirujace-rozwiazania\/","og_site_name":"wymIaNNa","article_modified_time":"2024-10-23T11:05:21+00:00","twitter_card":"summary_large_image","schema":{"@context":"https:\/\/schema.org","@graph":[{"@type":"WebPage","@id":"https:\/\/innowacjespoleczne.pl\/wymianna\/edycja-5\/dobre-zycie-dluzej-wyzwania-spoleczne-dla-poznej-doroslosci-i-inspirujace-rozwiazania\/","url":"https:\/\/innowacjespoleczne.pl\/wymianna\/edycja-5\/dobre-zycie-dluzej-wyzwania-spoleczne-dla-poznej-doroslosci-i-inspirujace-rozwiazania\/","name":"Dobre \u017cycie, d\u0142u\u017cej \u2013 wyzwania spo\u0142eczne dla p\u00f3\u017anej doros\u0142o\u015bci i inspiruj\u0105ce rozwi\u0105zania - wymIaNNa","isPartOf":{"@id":"https:\/\/innowacjespoleczne.pl\/wymianna\/#website"},"datePublished":"2024-09-27T04:41:59+00:00","dateModified":"2024-10-23T11:05:21+00:00","breadcrumb":{"@id":"https:\/\/innowacjespoleczne.pl\/wymianna\/edycja-5\/dobre-zycie-dluzej-wyzwania-spoleczne-dla-poznej-doroslosci-i-inspirujace-rozwiazania\/#breadcrumb"},"inLanguage":"pl-PL","potentialAction":[{"@type":"ReadAction","target":["https:\/\/innowacjespoleczne.pl\/wymianna\/edycja-5\/dobre-zycie-dluzej-wyzwania-spoleczne-dla-poznej-doroslosci-i-inspirujace-rozwiazania\/"]}]},{"@type":"BreadcrumbList","@id":"https:\/\/innowacjespoleczne.pl\/wymianna\/edycja-5\/dobre-zycie-dluzej-wyzwania-spoleczne-dla-poznej-doroslosci-i-inspirujace-rozwiazania\/#breadcrumb","itemListElement":[{"@type":"ListItem","position":1,"name":"Strona g\u0142\u00f3wna","item":"https:\/\/innowacjespoleczne.pl\/wymianna\/"},{"@type":"ListItem","position":2,"name":"Edycja 5","item":"https:\/\/innowacjespoleczne.pl\/wymianna\/edycja-5\/"},{"@type":"ListItem","position":3,"name":"Dobre \u017cycie, d\u0142u\u017cej \u2013 wyzwania spo\u0142eczne dla p\u00f3\u017anej doros\u0142o\u015bci i inspiruj\u0105ce rozwi\u0105zania"}]},{"@type":"WebSite","@id":"https:\/\/innowacjespoleczne.pl\/wymianna\/#website","url":"https:\/\/innowacjespoleczne.pl\/wymianna\/","name":"wymIaNNa","description":"","potentialAction":[{"@type":"SearchAction","target":{"@type":"EntryPoint","urlTemplate":"https:\/\/innowacjespoleczne.pl\/wymianna\/?s={search_term_string}"},"query-input":{"@type":"PropertyValueSpecification","valueRequired":true,"valueName":"search_term_string"}}],"inLanguage":"pl-PL"}]}},"_links":{"self":[{"href":"https:\/\/innowacjespoleczne.pl\/wymianna\/wp-json\/wp\/v2\/pages\/2225","targetHints":{"allow":["GET"]}}],"collection":[{"href":"https:\/\/innowacjespoleczne.pl\/wymianna\/wp-json\/wp\/v2\/pages"}],"about":[{"href":"https:\/\/innowacjespoleczne.pl\/wymianna\/wp-json\/wp\/v2\/types\/page"}],"author":[{"embeddable":true,"href":"https:\/\/innowacjespoleczne.pl\/wymianna\/wp-json\/wp\/v2\/users\/11"}],"replies":[{"embeddable":true,"href":"https:\/\/innowacjespoleczne.pl\/wymianna\/wp-json\/wp\/v2\/comments?post=2225"}],"version-history":[{"count":6,"href":"https:\/\/innowacjespoleczne.pl\/wymianna\/wp-json\/wp\/v2\/pages\/2225\/revisions"}],"predecessor-version":[{"id":2719,"href":"https:\/\/innowacjespoleczne.pl\/wymianna\/wp-json\/wp\/v2\/pages\/2225\/revisions\/2719"}],"up":[{"embeddable":true,"href":"https:\/\/innowacjespoleczne.pl\/wymianna\/wp-json\/wp\/v2\/pages\/2009"}],"wp:attachment":[{"href":"https:\/\/innowacjespoleczne.pl\/wymianna\/wp-json\/wp\/v2\/media?parent=2225"}],"curies":[{"name":"wp","href":"https:\/\/api.w.org\/{rel}","templated":true}]}}