{"id":2306,"date":"2024-09-30T13:11:21","date_gmt":"2024-09-30T11:11:21","guid":{"rendered":"https:\/\/innowacjespoleczne.pl\/wymianna\/?page_id=2306"},"modified":"2024-10-23T13:01:57","modified_gmt":"2024-10-23T11:01:57","slug":"ai-bez-tajemnic-odkrywamy-potencjal-sztucznej-inteligencji-dla-organizacji-spolecznych-i-samorzadow","status":"publish","type":"page","link":"https:\/\/innowacjespoleczne.pl\/wymianna\/edycja-5\/ai-bez-tajemnic-odkrywamy-potencjal-sztucznej-inteligencji-dla-organizacji-spolecznych-i-samorzadow\/","title":{"rendered":"AI bez tajemnic: Odkrywamy potencja\u0142 sztucznej inteligencji dla organizacji spo\u0142ecznych i samorz\u0105d\u00f3w"},"content":{"rendered":"","protected":false},"excerpt":{"rendered":"","protected":false},"author":11,"featured_media":0,"parent":2009,"menu_order":0,"comment_status":"closed","ping_status":"closed","template":"templates\/template-session.php","meta":{"_acf_changed":false,"footnotes":""},"class_list":["post-2306","page","type-page","status-publish","hentry"],"acf":[],"yoast_head":"<!-- This site is optimized with the Yoast SEO plugin v26.0 - https:\/\/yoast.com\/wordpress\/plugins\/seo\/ -->\n<title>AI bez tajemnic: Odkrywamy potencja\u0142 sztucznej inteligencji dla organizacji spo\u0142ecznych i samorz\u0105d\u00f3w - wymIaNNa<\/title>\n<meta name=\"robots\" content=\"index, follow, max-snippet:-1, max-image-preview:large, max-video-preview:-1\" \/>\n<link rel=\"canonical\" href=\"https:\/\/innowacjespoleczne.pl\/wymianna\/edycja-5\/ai-bez-tajemnic-odkrywamy-potencjal-sztucznej-inteligencji-dla-organizacji-spolecznych-i-samorzadow\/\" \/>\n<meta property=\"og:locale\" content=\"pl_PL\" \/>\n<meta property=\"og:type\" content=\"article\" \/>\n<meta property=\"og:title\" content=\"AI bez tajemnic: Odkrywamy potencja\u0142 sztucznej inteligencji dla organizacji spo\u0142ecznych i samorz\u0105d\u00f3w - wymIaNNa\" \/>\n<meta property=\"og:url\" content=\"https:\/\/innowacjespoleczne.pl\/wymianna\/edycja-5\/ai-bez-tajemnic-odkrywamy-potencjal-sztucznej-inteligencji-dla-organizacji-spolecznych-i-samorzadow\/\" \/>\n<meta property=\"og:site_name\" content=\"wymIaNNa\" \/>\n<meta property=\"article:modified_time\" content=\"2024-10-23T11:01:57+00:00\" \/>\n<meta name=\"twitter:card\" content=\"summary_large_image\" \/>\n<script type=\"application\/ld+json\" class=\"yoast-schema-graph\">{\"@context\":\"https:\/\/schema.org\",\"@graph\":[{\"@type\":\"WebPage\",\"@id\":\"https:\/\/innowacjespoleczne.pl\/wymianna\/edycja-5\/ai-bez-tajemnic-odkrywamy-potencjal-sztucznej-inteligencji-dla-organizacji-spolecznych-i-samorzadow\/\",\"url\":\"https:\/\/innowacjespoleczne.pl\/wymianna\/edycja-5\/ai-bez-tajemnic-odkrywamy-potencjal-sztucznej-inteligencji-dla-organizacji-spolecznych-i-samorzadow\/\",\"name\":\"AI bez tajemnic: Odkrywamy potencja\u0142 sztucznej inteligencji dla organizacji spo\u0142ecznych i samorz\u0105d\u00f3w - wymIaNNa\",\"isPartOf\":{\"@id\":\"https:\/\/innowacjespoleczne.pl\/wymianna\/#website\"},\"datePublished\":\"2024-09-30T11:11:21+00:00\",\"dateModified\":\"2024-10-23T11:01:57+00:00\",\"breadcrumb\":{\"@id\":\"https:\/\/innowacjespoleczne.pl\/wymianna\/edycja-5\/ai-bez-tajemnic-odkrywamy-potencjal-sztucznej-inteligencji-dla-organizacji-spolecznych-i-samorzadow\/#breadcrumb\"},\"inLanguage\":\"pl-PL\",\"potentialAction\":[{\"@type\":\"ReadAction\",\"target\":[\"https:\/\/innowacjespoleczne.pl\/wymianna\/edycja-5\/ai-bez-tajemnic-odkrywamy-potencjal-sztucznej-inteligencji-dla-organizacji-spolecznych-i-samorzadow\/\"]}]},{\"@type\":\"BreadcrumbList\",\"@id\":\"https:\/\/innowacjespoleczne.pl\/wymianna\/edycja-5\/ai-bez-tajemnic-odkrywamy-potencjal-sztucznej-inteligencji-dla-organizacji-spolecznych-i-samorzadow\/#breadcrumb\",\"itemListElement\":[{\"@type\":\"ListItem\",\"position\":1,\"name\":\"Strona g\u0142\u00f3wna\",\"item\":\"https:\/\/innowacjespoleczne.pl\/wymianna\/\"},{\"@type\":\"ListItem\",\"position\":2,\"name\":\"Edycja 5\",\"item\":\"https:\/\/innowacjespoleczne.pl\/wymianna\/edycja-5\/\"},{\"@type\":\"ListItem\",\"position\":3,\"name\":\"AI bez tajemnic: Odkrywamy potencja\u0142 sztucznej inteligencji dla organizacji spo\u0142ecznych i samorz\u0105d\u00f3w\"}]},{\"@type\":\"WebSite\",\"@id\":\"https:\/\/innowacjespoleczne.pl\/wymianna\/#website\",\"url\":\"https:\/\/innowacjespoleczne.pl\/wymianna\/\",\"name\":\"wymIaNNa\",\"description\":\"\",\"potentialAction\":[{\"@type\":\"SearchAction\",\"target\":{\"@type\":\"EntryPoint\",\"urlTemplate\":\"https:\/\/innowacjespoleczne.pl\/wymianna\/?s={search_term_string}\"},\"query-input\":{\"@type\":\"PropertyValueSpecification\",\"valueRequired\":true,\"valueName\":\"search_term_string\"}}],\"inLanguage\":\"pl-PL\"}]}<\/script>\n<!-- \/ Yoast SEO plugin. -->","yoast_head_json":{"title":"AI bez tajemnic: Odkrywamy potencja\u0142 sztucznej inteligencji dla organizacji spo\u0142ecznych i samorz\u0105d\u00f3w - wymIaNNa","robots":{"index":"index","follow":"follow","max-snippet":"max-snippet:-1","max-image-preview":"max-image-preview:large","max-video-preview":"max-video-preview:-1"},"canonical":"https:\/\/innowacjespoleczne.pl\/wymianna\/edycja-5\/ai-bez-tajemnic-odkrywamy-potencjal-sztucznej-inteligencji-dla-organizacji-spolecznych-i-samorzadow\/","og_locale":"pl_PL","og_type":"article","og_title":"AI bez tajemnic: Odkrywamy potencja\u0142 sztucznej inteligencji dla organizacji spo\u0142ecznych i samorz\u0105d\u00f3w - wymIaNNa","og_url":"https:\/\/innowacjespoleczne.pl\/wymianna\/edycja-5\/ai-bez-tajemnic-odkrywamy-potencjal-sztucznej-inteligencji-dla-organizacji-spolecznych-i-samorzadow\/","og_site_name":"wymIaNNa","article_modified_time":"2024-10-23T11:01:57+00:00","twitter_card":"summary_large_image","schema":{"@context":"https:\/\/schema.org","@graph":[{"@type":"WebPage","@id":"https:\/\/innowacjespoleczne.pl\/wymianna\/edycja-5\/ai-bez-tajemnic-odkrywamy-potencjal-sztucznej-inteligencji-dla-organizacji-spolecznych-i-samorzadow\/","url":"https:\/\/innowacjespoleczne.pl\/wymianna\/edycja-5\/ai-bez-tajemnic-odkrywamy-potencjal-sztucznej-inteligencji-dla-organizacji-spolecznych-i-samorzadow\/","name":"AI bez tajemnic: Odkrywamy potencja\u0142 sztucznej inteligencji dla organizacji spo\u0142ecznych i samorz\u0105d\u00f3w - wymIaNNa","isPartOf":{"@id":"https:\/\/innowacjespoleczne.pl\/wymianna\/#website"},"datePublished":"2024-09-30T11:11:21+00:00","dateModified":"2024-10-23T11:01:57+00:00","breadcrumb":{"@id":"https:\/\/innowacjespoleczne.pl\/wymianna\/edycja-5\/ai-bez-tajemnic-odkrywamy-potencjal-sztucznej-inteligencji-dla-organizacji-spolecznych-i-samorzadow\/#breadcrumb"},"inLanguage":"pl-PL","potentialAction":[{"@type":"ReadAction","target":["https:\/\/innowacjespoleczne.pl\/wymianna\/edycja-5\/ai-bez-tajemnic-odkrywamy-potencjal-sztucznej-inteligencji-dla-organizacji-spolecznych-i-samorzadow\/"]}]},{"@type":"BreadcrumbList","@id":"https:\/\/innowacjespoleczne.pl\/wymianna\/edycja-5\/ai-bez-tajemnic-odkrywamy-potencjal-sztucznej-inteligencji-dla-organizacji-spolecznych-i-samorzadow\/#breadcrumb","itemListElement":[{"@type":"ListItem","position":1,"name":"Strona g\u0142\u00f3wna","item":"https:\/\/innowacjespoleczne.pl\/wymianna\/"},{"@type":"ListItem","position":2,"name":"Edycja 5","item":"https:\/\/innowacjespoleczne.pl\/wymianna\/edycja-5\/"},{"@type":"ListItem","position":3,"name":"AI bez tajemnic: Odkrywamy potencja\u0142 sztucznej inteligencji dla organizacji spo\u0142ecznych i samorz\u0105d\u00f3w"}]},{"@type":"WebSite","@id":"https:\/\/innowacjespoleczne.pl\/wymianna\/#website","url":"https:\/\/innowacjespoleczne.pl\/wymianna\/","name":"wymIaNNa","description":"","potentialAction":[{"@type":"SearchAction","target":{"@type":"EntryPoint","urlTemplate":"https:\/\/innowacjespoleczne.pl\/wymianna\/?s={search_term_string}"},"query-input":{"@type":"PropertyValueSpecification","valueRequired":true,"valueName":"search_term_string"}}],"inLanguage":"pl-PL"}]}},"_links":{"self":[{"href":"https:\/\/innowacjespoleczne.pl\/wymianna\/wp-json\/wp\/v2\/pages\/2306","targetHints":{"allow":["GET"]}}],"collection":[{"href":"https:\/\/innowacjespoleczne.pl\/wymianna\/wp-json\/wp\/v2\/pages"}],"about":[{"href":"https:\/\/innowacjespoleczne.pl\/wymianna\/wp-json\/wp\/v2\/types\/page"}],"author":[{"embeddable":true,"href":"https:\/\/innowacjespoleczne.pl\/wymianna\/wp-json\/wp\/v2\/users\/11"}],"replies":[{"embeddable":true,"href":"https:\/\/innowacjespoleczne.pl\/wymianna\/wp-json\/wp\/v2\/comments?post=2306"}],"version-history":[{"count":6,"href":"https:\/\/innowacjespoleczne.pl\/wymianna\/wp-json\/wp\/v2\/pages\/2306\/revisions"}],"predecessor-version":[{"id":2709,"href":"https:\/\/innowacjespoleczne.pl\/wymianna\/wp-json\/wp\/v2\/pages\/2306\/revisions\/2709"}],"up":[{"embeddable":true,"href":"https:\/\/innowacjespoleczne.pl\/wymianna\/wp-json\/wp\/v2\/pages\/2009"}],"wp:attachment":[{"href":"https:\/\/innowacjespoleczne.pl\/wymianna\/wp-json\/wp\/v2\/media?parent=2306"}],"curies":[{"name":"wp","href":"https:\/\/api.w.org\/{rel}","templated":true}]}}