{"id":727,"date":"2023-08-02T16:39:54","date_gmt":"2023-08-02T14:39:54","guid":{"rendered":"http:\/\/katalizator-dev-wp.flyhigh.pro\/wymianna\/?page_id=574"},"modified":"2023-08-07T14:39:45","modified_gmt":"2023-08-07T12:39:45","slug":"wole-tu-byc-krotka-historia-o-niepelnosprawnosci-intelektualnej","status":"publish","type":"page","link":"https:\/\/innowacjespoleczne.pl\/wymianna\/edycja-3\/wole-tu-byc-krotka-historia-o-niepelnosprawnosci-intelektualnej\/","title":{"rendered":"Wol\u0119 tu by\u0107! Kr\u00f3tka historia o (niepe\u0142no)sprawno\u015bci intelektualnej"},"content":{"rendered":"","protected":false},"excerpt":{"rendered":"","protected":false},"author":10,"featured_media":0,"parent":262,"menu_order":0,"comment_status":"closed","ping_status":"closed","template":"templates\/template-session.php","meta":{"_acf_changed":false,"footnotes":""},"class_list":["post-727","page","type-page","status-publish","hentry"],"acf":[],"yoast_head":"<!-- This site is optimized with the Yoast SEO plugin v26.0 - https:\/\/yoast.com\/wordpress\/plugins\/seo\/ -->\n<title>Wol\u0119 tu by\u0107! Kr\u00f3tka historia o (niepe\u0142no)sprawno\u015bci intelektualnej - wymIaNNa<\/title>\n<meta name=\"robots\" content=\"index, follow, max-snippet:-1, max-image-preview:large, max-video-preview:-1\" \/>\n<link rel=\"canonical\" href=\"https:\/\/innowacjespoleczne.pl\/wymianna\/edycja-3\/wole-tu-byc-krotka-historia-o-niepelnosprawnosci-intelektualnej\/\" \/>\n<meta property=\"og:locale\" content=\"pl_PL\" \/>\n<meta property=\"og:type\" content=\"article\" \/>\n<meta property=\"og:title\" content=\"Wol\u0119 tu by\u0107! Kr\u00f3tka historia o (niepe\u0142no)sprawno\u015bci intelektualnej - wymIaNNa\" \/>\n<meta property=\"og:url\" content=\"https:\/\/innowacjespoleczne.pl\/wymianna\/edycja-3\/wole-tu-byc-krotka-historia-o-niepelnosprawnosci-intelektualnej\/\" \/>\n<meta property=\"og:site_name\" content=\"wymIaNNa\" \/>\n<meta property=\"article:modified_time\" content=\"2023-08-07T12:39:45+00:00\" \/>\n<meta name=\"twitter:card\" content=\"summary_large_image\" \/>\n<script type=\"application\/ld+json\" class=\"yoast-schema-graph\">{\"@context\":\"https:\/\/schema.org\",\"@graph\":[{\"@type\":\"WebPage\",\"@id\":\"https:\/\/innowacjespoleczne.pl\/wymianna\/edycja-3\/wole-tu-byc-krotka-historia-o-niepelnosprawnosci-intelektualnej\/\",\"url\":\"https:\/\/innowacjespoleczne.pl\/wymianna\/edycja-3\/wole-tu-byc-krotka-historia-o-niepelnosprawnosci-intelektualnej\/\",\"name\":\"Wol\u0119 tu by\u0107! Kr\u00f3tka historia o (niepe\u0142no)sprawno\u015bci intelektualnej - wymIaNNa\",\"isPartOf\":{\"@id\":\"https:\/\/innowacjespoleczne.pl\/wymianna\/#website\"},\"datePublished\":\"2023-08-02T14:39:54+00:00\",\"dateModified\":\"2023-08-07T12:39:45+00:00\",\"breadcrumb\":{\"@id\":\"https:\/\/innowacjespoleczne.pl\/wymianna\/edycja-3\/wole-tu-byc-krotka-historia-o-niepelnosprawnosci-intelektualnej\/#breadcrumb\"},\"inLanguage\":\"pl-PL\",\"potentialAction\":[{\"@type\":\"ReadAction\",\"target\":[\"https:\/\/innowacjespoleczne.pl\/wymianna\/edycja-3\/wole-tu-byc-krotka-historia-o-niepelnosprawnosci-intelektualnej\/\"]}]},{\"@type\":\"BreadcrumbList\",\"@id\":\"https:\/\/innowacjespoleczne.pl\/wymianna\/edycja-3\/wole-tu-byc-krotka-historia-o-niepelnosprawnosci-intelektualnej\/#breadcrumb\",\"itemListElement\":[{\"@type\":\"ListItem\",\"position\":1,\"name\":\"Strona g\u0142\u00f3wna\",\"item\":\"https:\/\/innowacjespoleczne.pl\/wymianna\/\"},{\"@type\":\"ListItem\",\"position\":2,\"name\":\"Edycja 3\",\"item\":\"https:\/\/innowacjespoleczne.pl\/wymianna\/edycja-3\/\"},{\"@type\":\"ListItem\",\"position\":3,\"name\":\"Wol\u0119 tu by\u0107! Kr\u00f3tka historia o (niepe\u0142no)sprawno\u015bci intelektualnej\"}]},{\"@type\":\"WebSite\",\"@id\":\"https:\/\/innowacjespoleczne.pl\/wymianna\/#website\",\"url\":\"https:\/\/innowacjespoleczne.pl\/wymianna\/\",\"name\":\"wymIaNNa\",\"description\":\"\",\"potentialAction\":[{\"@type\":\"SearchAction\",\"target\":{\"@type\":\"EntryPoint\",\"urlTemplate\":\"https:\/\/innowacjespoleczne.pl\/wymianna\/?s={search_term_string}\"},\"query-input\":{\"@type\":\"PropertyValueSpecification\",\"valueRequired\":true,\"valueName\":\"search_term_string\"}}],\"inLanguage\":\"pl-PL\"}]}<\/script>\n<!-- \/ Yoast SEO plugin. -->","yoast_head_json":{"title":"Wol\u0119 tu by\u0107! Kr\u00f3tka historia o (niepe\u0142no)sprawno\u015bci intelektualnej - wymIaNNa","robots":{"index":"index","follow":"follow","max-snippet":"max-snippet:-1","max-image-preview":"max-image-preview:large","max-video-preview":"max-video-preview:-1"},"canonical":"https:\/\/innowacjespoleczne.pl\/wymianna\/edycja-3\/wole-tu-byc-krotka-historia-o-niepelnosprawnosci-intelektualnej\/","og_locale":"pl_PL","og_type":"article","og_title":"Wol\u0119 tu by\u0107! Kr\u00f3tka historia o (niepe\u0142no)sprawno\u015bci intelektualnej - wymIaNNa","og_url":"https:\/\/innowacjespoleczne.pl\/wymianna\/edycja-3\/wole-tu-byc-krotka-historia-o-niepelnosprawnosci-intelektualnej\/","og_site_name":"wymIaNNa","article_modified_time":"2023-08-07T12:39:45+00:00","twitter_card":"summary_large_image","schema":{"@context":"https:\/\/schema.org","@graph":[{"@type":"WebPage","@id":"https:\/\/innowacjespoleczne.pl\/wymianna\/edycja-3\/wole-tu-byc-krotka-historia-o-niepelnosprawnosci-intelektualnej\/","url":"https:\/\/innowacjespoleczne.pl\/wymianna\/edycja-3\/wole-tu-byc-krotka-historia-o-niepelnosprawnosci-intelektualnej\/","name":"Wol\u0119 tu by\u0107! Kr\u00f3tka historia o (niepe\u0142no)sprawno\u015bci intelektualnej - wymIaNNa","isPartOf":{"@id":"https:\/\/innowacjespoleczne.pl\/wymianna\/#website"},"datePublished":"2023-08-02T14:39:54+00:00","dateModified":"2023-08-07T12:39:45+00:00","breadcrumb":{"@id":"https:\/\/innowacjespoleczne.pl\/wymianna\/edycja-3\/wole-tu-byc-krotka-historia-o-niepelnosprawnosci-intelektualnej\/#breadcrumb"},"inLanguage":"pl-PL","potentialAction":[{"@type":"ReadAction","target":["https:\/\/innowacjespoleczne.pl\/wymianna\/edycja-3\/wole-tu-byc-krotka-historia-o-niepelnosprawnosci-intelektualnej\/"]}]},{"@type":"BreadcrumbList","@id":"https:\/\/innowacjespoleczne.pl\/wymianna\/edycja-3\/wole-tu-byc-krotka-historia-o-niepelnosprawnosci-intelektualnej\/#breadcrumb","itemListElement":[{"@type":"ListItem","position":1,"name":"Strona g\u0142\u00f3wna","item":"https:\/\/innowacjespoleczne.pl\/wymianna\/"},{"@type":"ListItem","position":2,"name":"Edycja 3","item":"https:\/\/innowacjespoleczne.pl\/wymianna\/edycja-3\/"},{"@type":"ListItem","position":3,"name":"Wol\u0119 tu by\u0107! Kr\u00f3tka historia o (niepe\u0142no)sprawno\u015bci intelektualnej"}]},{"@type":"WebSite","@id":"https:\/\/innowacjespoleczne.pl\/wymianna\/#website","url":"https:\/\/innowacjespoleczne.pl\/wymianna\/","name":"wymIaNNa","description":"","potentialAction":[{"@type":"SearchAction","target":{"@type":"EntryPoint","urlTemplate":"https:\/\/innowacjespoleczne.pl\/wymianna\/?s={search_term_string}"},"query-input":{"@type":"PropertyValueSpecification","valueRequired":true,"valueName":"search_term_string"}}],"inLanguage":"pl-PL"}]}},"_links":{"self":[{"href":"https:\/\/innowacjespoleczne.pl\/wymianna\/wp-json\/wp\/v2\/pages\/727","targetHints":{"allow":["GET"]}}],"collection":[{"href":"https:\/\/innowacjespoleczne.pl\/wymianna\/wp-json\/wp\/v2\/pages"}],"about":[{"href":"https:\/\/innowacjespoleczne.pl\/wymianna\/wp-json\/wp\/v2\/types\/page"}],"author":[{"embeddable":true,"href":"https:\/\/innowacjespoleczne.pl\/wymianna\/wp-json\/wp\/v2\/users\/10"}],"replies":[{"embeddable":true,"href":"https:\/\/innowacjespoleczne.pl\/wymianna\/wp-json\/wp\/v2\/comments?post=727"}],"version-history":[{"count":2,"href":"https:\/\/innowacjespoleczne.pl\/wymianna\/wp-json\/wp\/v2\/pages\/727\/revisions"}],"predecessor-version":[{"id":780,"href":"https:\/\/innowacjespoleczne.pl\/wymianna\/wp-json\/wp\/v2\/pages\/727\/revisions\/780"}],"up":[{"embeddable":true,"href":"https:\/\/innowacjespoleczne.pl\/wymianna\/wp-json\/wp\/v2\/pages\/262"}],"wp:attachment":[{"href":"https:\/\/innowacjespoleczne.pl\/wymianna\/wp-json\/wp\/v2\/media?parent=727"}],"curies":[{"name":"wp","href":"https:\/\/api.w.org\/{rel}","templated":true}]}}