{"id":861,"date":"2023-08-08T11:50:37","date_gmt":"2023-08-08T09:50:37","guid":{"rendered":"https:\/\/innowacjespoleczne.pl\/wymianna\/?page_id=861"},"modified":"2023-09-08T13:00:45","modified_gmt":"2023-09-08T11:00:45","slug":"kawiarenke-naprawcza-w-centrum-spolecznym-paca-40","status":"publish","type":"page","link":"https:\/\/innowacjespoleczne.pl\/wymianna\/edycja-2\/kawiarenke-naprawcza-w-centrum-spolecznym-paca-40\/","title":{"rendered":"Kawiarenk\u0119 Naprawcz\u0105 w Centrum Spo\u0142ecznym Paca 40."},"content":{"rendered":"","protected":false},"excerpt":{"rendered":"","protected":false},"author":9,"featured_media":0,"parent":258,"menu_order":0,"comment_status":"closed","ping_status":"closed","template":"templates\/template-visit.php","meta":{"_acf_changed":false,"footnotes":""},"class_list":["post-861","page","type-page","status-publish","hentry"],"acf":[],"yoast_head":"<!-- This site is optimized with the Yoast SEO plugin v26.0 - https:\/\/yoast.com\/wordpress\/plugins\/seo\/ -->\n<title>Kawiarenk\u0119 Naprawcz\u0105 w Centrum Spo\u0142ecznym Paca 40. - wymIaNNa<\/title>\n<meta name=\"robots\" content=\"index, follow, max-snippet:-1, max-image-preview:large, max-video-preview:-1\" \/>\n<link rel=\"canonical\" href=\"https:\/\/innowacjespoleczne.pl\/wymianna\/edycja-2\/kawiarenke-naprawcza-w-centrum-spolecznym-paca-40\/\" \/>\n<meta property=\"og:locale\" content=\"pl_PL\" \/>\n<meta property=\"og:type\" content=\"article\" \/>\n<meta property=\"og:title\" content=\"Kawiarenk\u0119 Naprawcz\u0105 w Centrum Spo\u0142ecznym Paca 40. - wymIaNNa\" \/>\n<meta property=\"og:url\" content=\"https:\/\/innowacjespoleczne.pl\/wymianna\/edycja-2\/kawiarenke-naprawcza-w-centrum-spolecznym-paca-40\/\" \/>\n<meta property=\"og:site_name\" content=\"wymIaNNa\" \/>\n<meta property=\"article:modified_time\" content=\"2023-09-08T11:00:45+00:00\" \/>\n<meta name=\"twitter:card\" content=\"summary_large_image\" \/>\n<script type=\"application\/ld+json\" class=\"yoast-schema-graph\">{\"@context\":\"https:\/\/schema.org\",\"@graph\":[{\"@type\":\"WebPage\",\"@id\":\"https:\/\/innowacjespoleczne.pl\/wymianna\/edycja-2\/kawiarenke-naprawcza-w-centrum-spolecznym-paca-40\/\",\"url\":\"https:\/\/innowacjespoleczne.pl\/wymianna\/edycja-2\/kawiarenke-naprawcza-w-centrum-spolecznym-paca-40\/\",\"name\":\"Kawiarenk\u0119 Naprawcz\u0105 w Centrum Spo\u0142ecznym Paca 40. - wymIaNNa\",\"isPartOf\":{\"@id\":\"https:\/\/innowacjespoleczne.pl\/wymianna\/#website\"},\"datePublished\":\"2023-08-08T09:50:37+00:00\",\"dateModified\":\"2023-09-08T11:00:45+00:00\",\"breadcrumb\":{\"@id\":\"https:\/\/innowacjespoleczne.pl\/wymianna\/edycja-2\/kawiarenke-naprawcza-w-centrum-spolecznym-paca-40\/#breadcrumb\"},\"inLanguage\":\"pl-PL\",\"potentialAction\":[{\"@type\":\"ReadAction\",\"target\":[\"https:\/\/innowacjespoleczne.pl\/wymianna\/edycja-2\/kawiarenke-naprawcza-w-centrum-spolecznym-paca-40\/\"]}]},{\"@type\":\"BreadcrumbList\",\"@id\":\"https:\/\/innowacjespoleczne.pl\/wymianna\/edycja-2\/kawiarenke-naprawcza-w-centrum-spolecznym-paca-40\/#breadcrumb\",\"itemListElement\":[{\"@type\":\"ListItem\",\"position\":1,\"name\":\"Strona g\u0142\u00f3wna\",\"item\":\"https:\/\/innowacjespoleczne.pl\/wymianna\/\"},{\"@type\":\"ListItem\",\"position\":2,\"name\":\"Edycja 2\",\"item\":\"https:\/\/innowacjespoleczne.pl\/wymianna\/edycja-2\/\"},{\"@type\":\"ListItem\",\"position\":3,\"name\":\"Kawiarenk\u0119 Naprawcz\u0105 w Centrum Spo\u0142ecznym Paca 40.\"}]},{\"@type\":\"WebSite\",\"@id\":\"https:\/\/innowacjespoleczne.pl\/wymianna\/#website\",\"url\":\"https:\/\/innowacjespoleczne.pl\/wymianna\/\",\"name\":\"wymIaNNa\",\"description\":\"\",\"potentialAction\":[{\"@type\":\"SearchAction\",\"target\":{\"@type\":\"EntryPoint\",\"urlTemplate\":\"https:\/\/innowacjespoleczne.pl\/wymianna\/?s={search_term_string}\"},\"query-input\":{\"@type\":\"PropertyValueSpecification\",\"valueRequired\":true,\"valueName\":\"search_term_string\"}}],\"inLanguage\":\"pl-PL\"}]}<\/script>\n<!-- \/ Yoast SEO plugin. -->","yoast_head_json":{"title":"Kawiarenk\u0119 Naprawcz\u0105 w Centrum Spo\u0142ecznym Paca 40. - wymIaNNa","robots":{"index":"index","follow":"follow","max-snippet":"max-snippet:-1","max-image-preview":"max-image-preview:large","max-video-preview":"max-video-preview:-1"},"canonical":"https:\/\/innowacjespoleczne.pl\/wymianna\/edycja-2\/kawiarenke-naprawcza-w-centrum-spolecznym-paca-40\/","og_locale":"pl_PL","og_type":"article","og_title":"Kawiarenk\u0119 Naprawcz\u0105 w Centrum Spo\u0142ecznym Paca 40. - wymIaNNa","og_url":"https:\/\/innowacjespoleczne.pl\/wymianna\/edycja-2\/kawiarenke-naprawcza-w-centrum-spolecznym-paca-40\/","og_site_name":"wymIaNNa","article_modified_time":"2023-09-08T11:00:45+00:00","twitter_card":"summary_large_image","schema":{"@context":"https:\/\/schema.org","@graph":[{"@type":"WebPage","@id":"https:\/\/innowacjespoleczne.pl\/wymianna\/edycja-2\/kawiarenke-naprawcza-w-centrum-spolecznym-paca-40\/","url":"https:\/\/innowacjespoleczne.pl\/wymianna\/edycja-2\/kawiarenke-naprawcza-w-centrum-spolecznym-paca-40\/","name":"Kawiarenk\u0119 Naprawcz\u0105 w Centrum Spo\u0142ecznym Paca 40. - wymIaNNa","isPartOf":{"@id":"https:\/\/innowacjespoleczne.pl\/wymianna\/#website"},"datePublished":"2023-08-08T09:50:37+00:00","dateModified":"2023-09-08T11:00:45+00:00","breadcrumb":{"@id":"https:\/\/innowacjespoleczne.pl\/wymianna\/edycja-2\/kawiarenke-naprawcza-w-centrum-spolecznym-paca-40\/#breadcrumb"},"inLanguage":"pl-PL","potentialAction":[{"@type":"ReadAction","target":["https:\/\/innowacjespoleczne.pl\/wymianna\/edycja-2\/kawiarenke-naprawcza-w-centrum-spolecznym-paca-40\/"]}]},{"@type":"BreadcrumbList","@id":"https:\/\/innowacjespoleczne.pl\/wymianna\/edycja-2\/kawiarenke-naprawcza-w-centrum-spolecznym-paca-40\/#breadcrumb","itemListElement":[{"@type":"ListItem","position":1,"name":"Strona g\u0142\u00f3wna","item":"https:\/\/innowacjespoleczne.pl\/wymianna\/"},{"@type":"ListItem","position":2,"name":"Edycja 2","item":"https:\/\/innowacjespoleczne.pl\/wymianna\/edycja-2\/"},{"@type":"ListItem","position":3,"name":"Kawiarenk\u0119 Naprawcz\u0105 w Centrum Spo\u0142ecznym Paca 40."}]},{"@type":"WebSite","@id":"https:\/\/innowacjespoleczne.pl\/wymianna\/#website","url":"https:\/\/innowacjespoleczne.pl\/wymianna\/","name":"wymIaNNa","description":"","potentialAction":[{"@type":"SearchAction","target":{"@type":"EntryPoint","urlTemplate":"https:\/\/innowacjespoleczne.pl\/wymianna\/?s={search_term_string}"},"query-input":{"@type":"PropertyValueSpecification","valueRequired":true,"valueName":"search_term_string"}}],"inLanguage":"pl-PL"}]}},"_links":{"self":[{"href":"https:\/\/innowacjespoleczne.pl\/wymianna\/wp-json\/wp\/v2\/pages\/861","targetHints":{"allow":["GET"]}}],"collection":[{"href":"https:\/\/innowacjespoleczne.pl\/wymianna\/wp-json\/wp\/v2\/pages"}],"about":[{"href":"https:\/\/innowacjespoleczne.pl\/wymianna\/wp-json\/wp\/v2\/types\/page"}],"author":[{"embeddable":true,"href":"https:\/\/innowacjespoleczne.pl\/wymianna\/wp-json\/wp\/v2\/users\/9"}],"replies":[{"embeddable":true,"href":"https:\/\/innowacjespoleczne.pl\/wymianna\/wp-json\/wp\/v2\/comments?post=861"}],"version-history":[{"count":3,"href":"https:\/\/innowacjespoleczne.pl\/wymianna\/wp-json\/wp\/v2\/pages\/861\/revisions"}],"predecessor-version":[{"id":1173,"href":"https:\/\/innowacjespoleczne.pl\/wymianna\/wp-json\/wp\/v2\/pages\/861\/revisions\/1173"}],"up":[{"embeddable":true,"href":"https:\/\/innowacjespoleczne.pl\/wymianna\/wp-json\/wp\/v2\/pages\/258"}],"wp:attachment":[{"href":"https:\/\/innowacjespoleczne.pl\/wymianna\/wp-json\/wp\/v2\/media?parent=861"}],"curies":[{"name":"wp","href":"https:\/\/api.w.org\/{rel}","templated":true}]}}